{"id":19,"date":"2017-01-07T22:32:44","date_gmt":"2017-01-07T22:32:44","guid":{"rendered":"http:\/\/tripanion.com\/?page_id=19"},"modified":"2017-01-07T22:32:44","modified_gmt":"2017-01-07T22:32:44","slug":"impressum","status":"publish","type":"page","link":"https:\/\/tripanion.com\/?page_id=19","title":{"rendered":"Impressum"},"content":{"rendered":"<h1>Impressum<\/h1>\n<p>Name und Anschrift: Hans-J\u00fcrgen Beckmerhagen, Norderwall 4, 25361 Krempe<\/p>\n<p>Telefon: +49 4824 300674<\/p>\n<p>Fax: +49 4824 300588<\/p>\n<p>E-Mail: info@tripanion.com<\/p>\n<p>Inhaltlich verantwortlich: Hans-J\u00fcrgen Beckmerhagen<\/p>\n<h2>Urheberrecht<\/h2>\n<p>Falls nicht anders angegeben, unterliegen alle Seiten auf diesem Informationsserver dem Urheberrecht (Copyright). Dies gilt insbesondere f\u00fcr Texte, Bilder, Grafiken, Ton-, Video- oder Animationsdateien einschlie\u00dflich deren Anordnung auf den Web-Seiten. Eine Vervielf\u00e4ltigung oder Verwendung solcher Seiten (oder Teilen davon) in anderen elektronischen oder gedruckten Publikationen und deren Ver\u00f6ffentlichung (auch im Internet) ist nur nach vorheriger Genehmigung gestattet. Der Nachdruck und die Auswertung von Pressemitteilungen und Reden ist mit Quellenangabe gestattet. Die Genehmigung zur Publikation der Webseiten kann der Betreiber erteilen. Weiterhin k\u00f6nnen Bilder, Grafiken, Text- oder sonstige Dateien ganz oder teilweise dem Urheberrecht Dritter unterliegen. Alle innerhalb des Internet-Angebotes genannten und ggf. durch Dritte gesch\u00fctzten Marken- und Warenzeichen unterliegen uneingeschr\u00e4nkt den Bestimmungen des jeweils g\u00fcltigen Kennzeichenrechts und den Besitzrechten der jeweiligen eingetragenen Eigent\u00fcmer. Allein aufgrund der blo\u00dfen Nennung in unserem Internet-Angebot ist nicht der Schluss zu ziehen, dass Markenzeichen nicht durch Rechte Dritter gesch\u00fctzt sind.<\/p>\n<h2>Haftungsausschluss<\/h2>\n<p>Der Betreiber hat alle seinem Bereich bereitgestellten Informationen nach bestem Wissen und Gewissen erarbeitet und gepr\u00fcft. Es wird jedoch keine Gew\u00e4hr f\u00fcr die Aktualit\u00e4t, Richtigkeit, Vollst\u00e4ndigkeit oder Qualit\u00e4t und jederzeitige Verf\u00fcgbarkeit der bereit gestellten Informationen \u00fcbernommen.<\/p>\n<p>F\u00fcr etwaige Sch\u00e4den, die beim Aufrufen oder Herunterladen von Daten durch Computerviren oder der Installation oder Nutzung von Software verursacht werden, wird nicht gehaftet.<\/p>\n<p>Namentlich gekennzeichnete Internet-Seiten geben die Auffassungen und Erkenntnisse der abfassenden Personen wieder.<\/p>\n<p>Der Betreiber beh\u00e4lt es sich ausdr\u00fccklich vor, einzelne Webseiten oder das gesamte Angebot ohne gesonderte Ank\u00fcndigung zu ver\u00e4ndern, zu erg\u00e4nzen, zu l\u00f6schen oder die Ver\u00f6ffentlichung zeitweise oder endg\u00fcltig einzustellen.<\/p>\n<h2>Links und Verweise (Disclaimer)<\/h2>\n<p>Der Betreiber ist nur f\u00fcr die \u201eeigenen Inhalte&#8220;, die es zur Nutzung bereith\u00e4lt, nach den einschl\u00e4gigen Gesetzen verantwortlich.<\/p>\n<p>Von diesen eigenen Inhalten sind Querverweise (&#8222;Links&#8220;) auf die Webseiten anderer Anbieter zu unterscheiden. Durch den als &#8222;Link&#8220; gekennzeichneten Querverweis erm\u00f6glicht der Betreiber den Zugang zu &#8222;fremden Inhalten&#8220;.<\/p>\n<p>Durch den Querverweis vermittelt der Betreiber lediglich den Zugang zur Nutzung dieser Inhalte. F\u00fcr diese &#8222;fremden&#8220; Inhalte ist er nicht verantwortlich, da er die \u00dcbermittlung der Information nicht veranlasst, den Adressaten der \u00fcbermittelten Informationen nicht ausw\u00e4hlt und die \u00fcbermittelten Informationen auch nicht ausgew\u00e4hlt oder ver\u00e4ndert hat. Auch eine automatische kurzzeitige Zwischenspeicherung dieser &#8222;fremden Informationen&#8220; erfolgt wegen der gew\u00e4hlten Aufruf- und Verlinkungs-Methodik nicht, so dass sich auch dadurch keine Verantwortlichkeit des Betreibers f\u00fcr diese fremden Inhalte ergibt.<\/p>\n<p>Bei der erstmaligen Verkn\u00fcpfung mit diesen Internet-Angeboten hat die Redaktion den fremden Inhalt jedoch daraufhin \u00fcberpr\u00fcft, ob durch ihn eine m\u00f6gliche zivilrechtliche oder strafrechtliche Verantwortlichkeit ausgel\u00f6st wird. Sobald der Betreiber jedoch feststellt oder von anderen darauf hingewiesen wird, dass ein konkretes Angebot, zu dem er einen Link bereitgestellt hat, eine zivil- oder strafrechtliche Verantwortlichkeit ausl\u00f6st, wird er den Verweis auf dieses Angebot unverz\u00fcglich aufheben, soweit es technisch m\u00f6glich und zumutbar ist.<\/p>\n<p>F\u00fcr illegale, fehlerhafte oder unvollst\u00e4ndige Inhalte und insbesondere f\u00fcr Sch\u00e4den, die aus der Nutzung oder Nichtnutzung von Informationen Dritter entstehen, haftet allein der jeweilige Anbieter der Seite, auf welche verwiesen wurde.<\/p>\n","protected":false},"excerpt":{"rendered":"<p>Impressum Name und Anschrift: Hans-J\u00fcrgen Beckmerhagen, Norderwall 4, 25361 Krempe Telefon: +49 4824 300674 Fax: +49 4824 300588 E-Mail: info@tripanion.com Inhaltlich verantwortlich: Hans-J\u00fcrgen Beckmerhagen Urheberrecht Falls nicht anders angegeben, unterliegen alle Seiten auf diesem Informationsserver dem Urheberrecht (Copyright). Dies gilt insbesondere f\u00fcr Texte, Bilder, Grafiken, Ton-, Video- oder Animationsdateien einschlie\u00dflich deren Anordnung auf den Web-Seiten. &hellip; <\/p>\n<p class=\"link-more\"><a href=\"https:\/\/tripanion.com\/?page_id=19\" class=\"more-link\"><span class=\"screen-reader-text\">\u201eImpressum\u201c<\/span> weiterlesen<\/a><\/p>\n","protected":false},"author":1,"featured_media":0,"parent":0,"menu_order":0,"comment_status":"closed","ping_status":"closed","template":"","meta":{"footnotes":""},"class_list":["post-19","page","type-page","status-publish","hentry"],"_links":{"self":[{"href":"https:\/\/tripanion.com\/index.php?rest_route=\/wp\/v2\/pages\/19","targetHints":{"allow":["GET"]}}],"collection":[{"href":"https:\/\/tripanion.com\/index.php?rest_route=\/wp\/v2\/pages"}],"about":[{"href":"https:\/\/tripanion.com\/index.php?rest_route=\/wp\/v2\/types\/page"}],"author":[{"embeddable":true,"href":"https:\/\/tripanion.com\/index.php?rest_route=\/wp\/v2\/users\/1"}],"replies":[{"embeddable":true,"href":"https:\/\/tripanion.com\/index.php?rest_route=%2Fwp%2Fv2%2Fcomments&post=19"}],"version-history":[{"count":1,"href":"https:\/\/tripanion.com\/index.php?rest_route=\/wp\/v2\/pages\/19\/revisions"}],"predecessor-version":[{"id":20,"href":"https:\/\/tripanion.com\/index.php?rest_route=\/wp\/v2\/pages\/19\/revisions\/20"}],"wp:attachment":[{"href":"https:\/\/tripanion.com\/index.php?rest_route=%2Fwp%2Fv2%2Fmedia&parent=19"}],"curies":[{"name":"wp","href":"https:\/\/api.w.org\/{rel}","templated":true}]}}