{"id":21,"date":"2017-01-07T22:33:57","date_gmt":"2017-01-07T22:33:57","guid":{"rendered":"http:\/\/tripanion.com\/?page_id=21"},"modified":"2018-05-26T11:37:27","modified_gmt":"2018-05-26T10:37:27","slug":"datenschutzerklaerung","status":"publish","type":"page","link":"https:\/\/tripanion.com\/?page_id=21","title":{"rendered":"Datenschutzerkl\u00e4rung"},"content":{"rendered":"<h1>Datenschutzerkl\u00e4rung \/ Privacy Policy<\/h1>\n<p><span style=\"font-size: 1rem;\">Meine Anwendungen sammeln und teilen keine pers\u00f6nlichen Informationen. Ihre IP-Adresse und verwandte Daten, die vom Betriebssystem bei Kommunikation mit dem Server bereitgestellt werden, k\u00f6nnen durch die Internet-basierten Server (gesteuert von der STRATO AG, Deutschland &#8211; eine Tochtergesellschaft der Deutschen Telekom) protokolliert werden.<\/span><\/p>\n<p>My applications do not collect or share any personal information. Your IP address (and related data provided by the operating system when making a web request) may be logged by the Internet-based servers (controlled by STRATO AG, Germany &#8211; a subsidiary of the German Telekom) that provide the data used by the application.<\/p>\n<p><strong>Datenschutz<\/strong><\/p>\n<p>Ich erhebe, verwende und speichere Ihre personenbezogenen Daten ausschlie\u00dflich im Rahmen der Bestimmungen der EU-Datenschutzgrundverordnung (DSGVO). Nachfolgend unterrichte ich Sie \u00fcber Art, Umfang und Zweck der Datenerhebung und Verwendung. Der Schutz ihrer personenbezogenen Daten ist mir sehr wichtig. Im Folgenden finden Sie Informationen dazu, welche Daten beim Besuch meiner Website erfasst werden.<\/p>\n<p>Verantwortliche Stelle im Sinne der Datenschutzgesetze, insbesondere der EU-Datenschutzgrundverordnung (DSGVO), ist: J\u00fcrgen Beckmerhagen, Norderwall 4, 25361 Krempe. Email: info@tripanion.com.<\/p>\n<p><strong>Ihre Betroffenenrechte<\/strong><\/p>\n<p>Unter den angegebenen Kontaktdaten k\u00f6nnen Sie jederzeit folgende Rechte aus\u00fcben:<br \/>\n\u2022 Auskunft \u00fcber Ihre bei mir gespeicherten Daten und deren Verarbeitung,<br \/>\n\u2022 Berichtigung unrichtiger personenbezogener Daten,<br \/>\n\u2022 L\u00f6schung Ihrer bei mir gespeicherten Daten,<br \/>\n\u2022 Einschr\u00e4nkung der Datenverarbeitung, sofern ich Ihre Daten aufgrund gesetzlicher Pflichten noch nicht l\u00f6schen darf,<br \/>\n\u2022 Widerspruch gegen die Verarbeitung Ihrer Daten bei mir und<br \/>\n\u2022 Daten\u00fcbertragbarkeit, sofern Sie in die Datenverarbeitung eingewilligt haben oder einen Vertrag mit mir abgeschlossen haben.<\/p>\n<p>Sofern Sie mir eine Einwilligung erteilt haben, k\u00f6nnen Sie diese jederzeit mit Wirkung f\u00fcr die Zukunft widerrufen.<br \/>\nSie k\u00f6nnen sich jederzeit mit einer Beschwerde an die f\u00fcr Sie zust\u00e4ndige Aufsichtsbeh\u00f6rde wenden. Ihre zust\u00e4ndige Aufsichtsbeh\u00f6rde richtet sich nach dem Bundesland Ihres Wohnsitzes, Ihrer Arbeit oder der mutma\u00dflichen Verletzung.\u00a0<a href=\"https:\/\/www.bfdi.bund.de\/DE\/Infothek\/Anschriften_Links\/anschriften_links-node.html\">Liste der Aufsichtsbeh\u00f6rden (f\u00fcr den nicht\u00f6ffentlichen Bereich) mit Anschrift\u00a0<\/a><\/p>\n<p><strong>L\u00f6schung bzw. Sperrung der Daten<\/strong><br \/>\nIch halte mich an die Grunds\u00e4tze der Datenvermeidung und Datensparsamkeit. Ich speichere Ihre personenbezogenen Daten daher nur so lange, wie dies zur Erreichung der hier genannten Zwecke erforderlich ist oder wie es die vom Gesetzgeber vorgesehenen vielf\u00e4ltigen Speicherfristen vorsehen. Nach Fortfall des jeweiligen Zweckes bzw. Ablauf dieser Fristen werden die entsprechenden Daten routinem\u00e4\u00dfig und entsprechend den gesetzlichen Vorschriften gesperrt oder gel\u00f6scht.<\/p>\n<p><strong>Cookies<\/strong><strong><br \/>\n<\/strong>Diese Website verwendet Cookies. Cookies sind kleine Datenmengen \/ Textdateien, die vom Betreiber von Websites auf dem Rechner der Nutzer gespeichert werden. Man unterscheidet u.a. zwischen tempor\u00e4ren und permanenten Cookies. Tempor\u00e4re Cookies werden beim Schlie\u00dfen des Browsers automatisch gel\u00f6scht. Sie enthalten lediglich eine Identifikationsnummer (Session ID), die es dem Server erlaubt, die aufeinander folgenden Anfragen des Browsers der selben Sitzung zuzuordnen. Permanente Cookies dagegen verbleiben dauerhaft auf der Festplatte des Nutzers und k\u00f6nnen ggf. auch von anderen Websites ausgelesen werden. Bei Cookies kann entschieden werden, ob sie zugelassen werden. \u00c4nderungen hierzu werden in den Browsereinstellungen meist unter \u201cOption\u201d oder \u201cEinstellungen\u201d im Browsermen\u00fc vorgenommen. Wird die Option aktiviert, Cookies nicht anzunehmen, kann unter Umst\u00e4nden die Funktionalit\u00e4t einzelner Seiten vermindert sein bzw. manche Dienste nicht in Anspruch genommen werden. Daf\u00fcr bitte ich um Verst\u00e4ndnis.<strong>\u00a0<\/strong><\/p>\n<p>Sie k\u00f6nnen dar\u00fcber hinaus die Erfassung der durch den Cookie erzeugten und auf Ihre Nutzung der Website bezogenen Daten (inkl. Ihrer IP-Adresse) an Google sowie die Verarbeitung dieser Daten durch Google verhindern, indem Sie das unter dem folgenden Link verf\u00fcgbare Browser-Plugin herunterladen und installieren:\u00a0<a href=\"https:\/\/tools.google.com\/dlpage\/gaoptout?hl=de\">https:\/\/tools.google.com\/dlpage\/gaoptout?hl=de<\/a>.<\/p>\n<p><strong>\u00c4nderung meiner Datenschutzbestimmungen<\/strong><br \/>\nIch behalte mir vor, diese Datenschutzerkl\u00e4rung anzupassen, damit sie stets den aktuellen rechtlichen Anforderungen entspricht oder um \u00c4nderungen meiner Leistungen in der Datenschutzerkl\u00e4rung umzusetzen, z.B. bei der Einf\u00fchrung neuer Services. F\u00fcr Ihren erneuten Besuch gilt dann die neue Datenschutzerkl\u00e4rung.<\/p>\n<p><strong>Fragen an den Datenschutzbeauftragten<\/strong><br \/>\nWenn Sie Fragen zum Datenschutz haben, schreiben Sie mir bitte eine E-Mail:<\/p>\n<p>J\u00fcrgen Beckmerhagen, Norderwall 4, 25361 Krempe, info@tripanion.com<\/p>\n","protected":false},"excerpt":{"rendered":"<p>Datenschutzerkl\u00e4rung \/ Privacy Policy Meine Anwendungen sammeln und teilen keine pers\u00f6nlichen Informationen. Ihre IP-Adresse und verwandte Daten, die vom Betriebssystem bei Kommunikation mit dem Server bereitgestellt werden, k\u00f6nnen durch die Internet-basierten Server (gesteuert von der STRATO AG, Deutschland &#8211; eine Tochtergesellschaft der Deutschen Telekom) protokolliert werden. My applications do not collect or share any personal &hellip; <\/p>\n<p class=\"link-more\"><a href=\"https:\/\/tripanion.com\/?page_id=21\" class=\"more-link\"><span class=\"screen-reader-text\">\u201eDatenschutzerkl\u00e4rung\u201c<\/span> weiterlesen<\/a><\/p>\n","protected":false},"author":1,"featured_media":0,"parent":0,"menu_order":0,"comment_status":"closed","ping_status":"closed","template":"","meta":{"footnotes":""},"class_list":["post-21","page","type-page","status-publish","hentry"],"_links":{"self":[{"href":"https:\/\/tripanion.com\/index.php?rest_route=\/wp\/v2\/pages\/21","targetHints":{"allow":["GET"]}}],"collection":[{"href":"https:\/\/tripanion.com\/index.php?rest_route=\/wp\/v2\/pages"}],"about":[{"href":"https:\/\/tripanion.com\/index.php?rest_route=\/wp\/v2\/types\/page"}],"author":[{"embeddable":true,"href":"https:\/\/tripanion.com\/index.php?rest_route=\/wp\/v2\/users\/1"}],"replies":[{"embeddable":true,"href":"https:\/\/tripanion.com\/index.php?rest_route=%2Fwp%2Fv2%2Fcomments&post=21"}],"version-history":[{"count":3,"href":"https:\/\/tripanion.com\/index.php?rest_route=\/wp\/v2\/pages\/21\/revisions"}],"predecessor-version":[{"id":52,"href":"https:\/\/tripanion.com\/index.php?rest_route=\/wp\/v2\/pages\/21\/revisions\/52"}],"wp:attachment":[{"href":"https:\/\/tripanion.com\/index.php?rest_route=%2Fwp%2Fv2%2Fmedia&parent=21"}],"curies":[{"name":"wp","href":"https:\/\/api.w.org\/{rel}","templated":true}]}}